{"id":7075,"date":"2025-07-09T13:55:17","date_gmt":"2025-07-09T11:55:17","guid":{"rendered":"https:\/\/comlandes.fr\/?post_type=product&#038;p=7075"},"modified":"2025-07-16T09:43:01","modified_gmt":"2025-07-16T07:43:01","slug":"devenir-membre-vip-comlandes","status":"publish","type":"product","link":"https:\/\/comlandes.fr\/fr_fr\/produit\/devenir-membre-vip-comlandes\/","title":{"rendered":"Devenir membre VIP"},"content":{"rendered":"<p>En devenant membre VIP, vous b\u00e9n\u00e9ficiez :<br \/>\n\u2013 de r\u00e9ductions sur de nombreuses activit\u00e9s (surf, yoga, loisirs, ateliers cr\u00e9atifs, etc.)<br \/>\n\u2013 d\u2019acc\u00e8s prioritaires ou tarifs pr\u00e9f\u00e9rentiels sur certains \u00e9v\u00e9nements Com\u2019Landes<br \/>\n\u2013 de surprises en avant-premi\u00e8re tout au long de l\u2019\u00e9t\u00e9<\/p>\n<p>La carte VIP est aussi un soutien \u00e0 l\u2019association Com\u2019Landes, qui \u0153uvre pour dynamiser le territoire, valoriser les initiatives locales et proposer une programmation accessible \u00e0 tous.<\/p>\n<p>Comment l\u2019obtenir ?<br \/>\nRien de plus simple : il vous suffit de commander en ligne ou vous rendre directement au kiosque Com\u2019Landes situ\u00e9 plage centrale.<br \/>\nVous recevrez votre carte nominative.<\/p>\n<p>Rejoignez l\u2019aventure Com\u2019Landes en VIP, et vivez les Landes autrement : de fa\u00e7on conviviale, locale et engag\u00e9e<\/p>\n","protected":false},"excerpt":{"rendered":"<p>Rejoindre la communaut\u00e9 des membres VIP Com&rsquo;Landes, c\u2019est bien plus qu\u2019obtenir une simple carte : c\u2019est vivre pleinement l\u2019exp\u00e9rience locale, avec des avantages exclusifs tout au long de la saison.<\/p>\n<p>La carte VIP Com&rsquo;Landes est nominative et personnelle. Elle vous permet d&rsquo;acc\u00e9der \u00e0 une s\u00e9lection de bons plans, r\u00e9serv\u00e9es aux membres. Que vous soyez habitant, vacancier fid\u00e8le ou de passage dans les Landes, elle vous ouvre les portes d\u2019un r\u00e9seau de professionnels engag\u00e9s et passionn\u00e9s.<\/p>\n","protected":false},"featured_media":7320,"template":"","meta":{"_et_pb_use_builder":"","_et_pb_old_content":"","_et_gb_content_width":""},"product_brand":[],"product_cat":[89],"product_tag":[],"class_list":{"0":"post-7075","1":"product","2":"type-product","3":"status-publish","4":"has-post-thumbnail","6":"product_cat-carte-vip","8":"first","9":"instock","10":"shipping-taxable","11":"purchasable","12":"product-type-simple"},"yoast_head":"<!-- This site is optimized with the Yoast SEO plugin v25.4 - https:\/\/yoast.com\/wordpress\/plugins\/seo\/ -->\n<title>Devenir membre VIP - Com&#039;Landes<\/title>\n<meta name=\"robots\" content=\"index, follow, max-snippet:-1, max-image-preview:large, max-video-preview:-1\" \/>\n<link rel=\"canonical\" href=\"https:\/\/comlandes.fr\/fr_fr\/produit\/devenir-membre-vip-comlandes\/\" \/>\n<meta property=\"og:locale\" content=\"fr_FR\" \/>\n<meta property=\"og:type\" content=\"article\" \/>\n<meta property=\"og:title\" content=\"Devenir membre VIP - Com&#039;Landes\" \/>\n<meta property=\"og:description\" content=\"Rejoindre la communaut\u00e9 des membres VIP Com&#039;Landes, c\u2019est bien plus qu\u2019obtenir une simple carte : c\u2019est vivre pleinement l\u2019exp\u00e9rience locale, avec des avantages exclusifs tout au long de la saison.  La carte VIP Com&#039;Landes est nominative et personnelle. Elle vous permet d&#039;acc\u00e9der \u00e0 une s\u00e9lection de bons plans, r\u00e9serv\u00e9es aux membres. Que vous soyez habitant, vacancier fid\u00e8le ou de passage dans les Landes, elle vous ouvre les portes d\u2019un r\u00e9seau de professionnels engag\u00e9s et passionn\u00e9s.\" \/>\n<meta property=\"og:url\" content=\"https:\/\/comlandes.fr\/fr_fr\/produit\/devenir-membre-vip-comlandes\/\" \/>\n<meta property=\"og:site_name\" content=\"Com&#039;Landes\" \/>\n<meta property=\"article:publisher\" content=\"https:\/\/web.facebook.com\/ComLandes?_rdc=1&amp;_rdr\" \/>\n<meta property=\"article:modified_time\" content=\"2025-07-16T07:43:01+00:00\" \/>\n<meta property=\"og:image\" content=\"https:\/\/comlandes.fr\/wp-content\/uploads\/2025\/07\/RECTO-SPECIMEN.webp\" \/>\n\t<meta property=\"og:image:width\" content=\"1051\" \/>\n\t<meta property=\"og:image:height\" content=\"697\" \/>\n\t<meta property=\"og:image:type\" content=\"image\/webp\" \/>\n<meta name=\"twitter:card\" content=\"summary_large_image\" \/>\n<meta name=\"twitter:label1\" content=\"Dur\u00e9e de lecture estim\u00e9e\" \/>\n\t<meta name=\"twitter:data1\" content=\"1 minute\" \/>\n<script type=\"application\/ld+json\" class=\"yoast-schema-graph\">{\"@context\":\"https:\/\/schema.org\",\"@graph\":[{\"@type\":\"WebPage\",\"@id\":\"https:\/\/comlandes.fr\/produit\/devenir-membre-vip-comlandes\/\",\"url\":\"https:\/\/comlandes.fr\/produit\/devenir-membre-vip-comlandes\/\",\"name\":\"Devenir membre VIP - Com&#039;Landes\",\"isPartOf\":{\"@id\":\"https:\/\/comlandes.fr\/fr_fr\/#website\"},\"primaryImageOfPage\":{\"@id\":\"https:\/\/comlandes.fr\/produit\/devenir-membre-vip-comlandes\/#primaryimage\"},\"image\":{\"@id\":\"https:\/\/comlandes.fr\/produit\/devenir-membre-vip-comlandes\/#primaryimage\"},\"thumbnailUrl\":\"https:\/\/comlandes.fr\/wp-content\/uploads\/2025\/07\/RECTO-SPECIMEN.webp\",\"datePublished\":\"2025-07-09T11:55:17+00:00\",\"dateModified\":\"2025-07-16T07:43:01+00:00\",\"breadcrumb\":{\"@id\":\"https:\/\/comlandes.fr\/produit\/devenir-membre-vip-comlandes\/#breadcrumb\"},\"inLanguage\":\"fr-FR\",\"potentialAction\":[{\"@type\":\"ReadAction\",\"target\":[\"https:\/\/comlandes.fr\/produit\/devenir-membre-vip-comlandes\/\"]}]},{\"@type\":\"ImageObject\",\"inLanguage\":\"fr-FR\",\"@id\":\"https:\/\/comlandes.fr\/produit\/devenir-membre-vip-comlandes\/#primaryimage\",\"url\":\"https:\/\/comlandes.fr\/wp-content\/uploads\/2025\/07\/RECTO-SPECIMEN.webp\",\"contentUrl\":\"https:\/\/comlandes.fr\/wp-content\/uploads\/2025\/07\/RECTO-SPECIMEN.webp\",\"width\":1051,\"height\":697},{\"@type\":\"BreadcrumbList\",\"@id\":\"https:\/\/comlandes.fr\/produit\/devenir-membre-vip-comlandes\/#breadcrumb\",\"itemListElement\":[{\"@type\":\"ListItem\",\"position\":1,\"name\":\"Accueil\",\"item\":\"https:\/\/comlandes.fr\/fr_fr\/\"},{\"@type\":\"ListItem\",\"position\":2,\"name\":\"Boutique\",\"item\":\"https:\/\/comlandes.fr\/boutique\/\"},{\"@type\":\"ListItem\",\"position\":3,\"name\":\"Devenir membre VIP\"}]},{\"@type\":\"WebSite\",\"@id\":\"https:\/\/comlandes.fr\/fr_fr\/#website\",\"url\":\"https:\/\/comlandes.fr\/fr_fr\/\",\"name\":\"Com'Landes\",\"description\":\"Nous organisons des \u00e9v\u00e9nements &amp; animations\",\"publisher\":{\"@id\":\"https:\/\/comlandes.fr\/fr_fr\/#organization\"},\"potentialAction\":[{\"@type\":\"SearchAction\",\"target\":{\"@type\":\"EntryPoint\",\"urlTemplate\":\"https:\/\/comlandes.fr\/fr_fr\/?s={search_term_string}\"},\"query-input\":{\"@type\":\"PropertyValueSpecification\",\"valueRequired\":true,\"valueName\":\"search_term_string\"}}],\"inLanguage\":\"fr-FR\"},{\"@type\":\"Organization\",\"@id\":\"https:\/\/comlandes.fr\/fr_fr\/#organization\",\"name\":\"Com'Landes\",\"url\":\"https:\/\/comlandes.fr\/fr_fr\/\",\"logo\":{\"@type\":\"ImageObject\",\"inLanguage\":\"fr-FR\",\"@id\":\"https:\/\/comlandes.fr\/fr_fr\/#\/schema\/logo\/image\/\",\"url\":\"https:\/\/comlandes.fr\/wp-content\/uploads\/2024\/04\/logo-comlandes.png\",\"contentUrl\":\"https:\/\/comlandes.fr\/wp-content\/uploads\/2024\/04\/logo-comlandes.png\",\"width\":512,\"height\":343,\"caption\":\"Com'Landes\"},\"image\":{\"@id\":\"https:\/\/comlandes.fr\/fr_fr\/#\/schema\/logo\/image\/\"},\"sameAs\":[\"https:\/\/web.facebook.com\/ComLandes?_rdc=1&_rdr\",\"https:\/\/www.instagram.com\/comlandesasso\/\",\"https:\/\/www.tiktok.com\/@com.landes?_t=8lW4JFzISlK&_r=1\"]}]}<\/script>\n<!-- \/ Yoast SEO plugin. -->","yoast_head_json":{"title":"Devenir membre VIP - Com&#039;Landes","robots":{"index":"index","follow":"follow","max-snippet":"max-snippet:-1","max-image-preview":"max-image-preview:large","max-video-preview":"max-video-preview:-1"},"canonical":"https:\/\/comlandes.fr\/fr_fr\/produit\/devenir-membre-vip-comlandes\/","og_locale":"fr_FR","og_type":"article","og_title":"Devenir membre VIP - Com&#039;Landes","og_description":"Rejoindre la communaut\u00e9 des membres VIP Com'Landes, c\u2019est bien plus qu\u2019obtenir une simple carte : c\u2019est vivre pleinement l\u2019exp\u00e9rience locale, avec des avantages exclusifs tout au long de la saison.  La carte VIP Com'Landes est nominative et personnelle. Elle vous permet d'acc\u00e9der \u00e0 une s\u00e9lection de bons plans, r\u00e9serv\u00e9es aux membres. Que vous soyez habitant, vacancier fid\u00e8le ou de passage dans les Landes, elle vous ouvre les portes d\u2019un r\u00e9seau de professionnels engag\u00e9s et passionn\u00e9s.","og_url":"https:\/\/comlandes.fr\/fr_fr\/produit\/devenir-membre-vip-comlandes\/","og_site_name":"Com&#039;Landes","article_publisher":"https:\/\/web.facebook.com\/ComLandes?_rdc=1&_rdr","article_modified_time":"2025-07-16T07:43:01+00:00","og_image":[{"width":1051,"height":697,"url":"https:\/\/comlandes.fr\/wp-content\/uploads\/2025\/07\/RECTO-SPECIMEN.webp","type":"image\/webp"}],"twitter_card":"summary_large_image","twitter_misc":{"Dur\u00e9e de lecture estim\u00e9e":"1 minute"},"schema":{"@context":"https:\/\/schema.org","@graph":[{"@type":"WebPage","@id":"https:\/\/comlandes.fr\/produit\/devenir-membre-vip-comlandes\/","url":"https:\/\/comlandes.fr\/produit\/devenir-membre-vip-comlandes\/","name":"Devenir membre VIP - Com&#039;Landes","isPartOf":{"@id":"https:\/\/comlandes.fr\/fr_fr\/#website"},"primaryImageOfPage":{"@id":"https:\/\/comlandes.fr\/produit\/devenir-membre-vip-comlandes\/#primaryimage"},"image":{"@id":"https:\/\/comlandes.fr\/produit\/devenir-membre-vip-comlandes\/#primaryimage"},"thumbnailUrl":"https:\/\/comlandes.fr\/wp-content\/uploads\/2025\/07\/RECTO-SPECIMEN.webp","datePublished":"2025-07-09T11:55:17+00:00","dateModified":"2025-07-16T07:43:01+00:00","breadcrumb":{"@id":"https:\/\/comlandes.fr\/produit\/devenir-membre-vip-comlandes\/#breadcrumb"},"inLanguage":"fr-FR","potentialAction":[{"@type":"ReadAction","target":["https:\/\/comlandes.fr\/produit\/devenir-membre-vip-comlandes\/"]}]},{"@type":"ImageObject","inLanguage":"fr-FR","@id":"https:\/\/comlandes.fr\/produit\/devenir-membre-vip-comlandes\/#primaryimage","url":"https:\/\/comlandes.fr\/wp-content\/uploads\/2025\/07\/RECTO-SPECIMEN.webp","contentUrl":"https:\/\/comlandes.fr\/wp-content\/uploads\/2025\/07\/RECTO-SPECIMEN.webp","width":1051,"height":697},{"@type":"BreadcrumbList","@id":"https:\/\/comlandes.fr\/produit\/devenir-membre-vip-comlandes\/#breadcrumb","itemListElement":[{"@type":"ListItem","position":1,"name":"Accueil","item":"https:\/\/comlandes.fr\/fr_fr\/"},{"@type":"ListItem","position":2,"name":"Boutique","item":"https:\/\/comlandes.fr\/boutique\/"},{"@type":"ListItem","position":3,"name":"Devenir membre VIP"}]},{"@type":"WebSite","@id":"https:\/\/comlandes.fr\/fr_fr\/#website","url":"https:\/\/comlandes.fr\/fr_fr\/","name":"Com'Landes","description":"Nous organisons des \u00e9v\u00e9nements &amp; animations","publisher":{"@id":"https:\/\/comlandes.fr\/fr_fr\/#organization"},"potentialAction":[{"@type":"SearchAction","target":{"@type":"EntryPoint","urlTemplate":"https:\/\/comlandes.fr\/fr_fr\/?s={search_term_string}"},"query-input":{"@type":"PropertyValueSpecification","valueRequired":true,"valueName":"search_term_string"}}],"inLanguage":"fr-FR"},{"@type":"Organization","@id":"https:\/\/comlandes.fr\/fr_fr\/#organization","name":"Com'Landes","url":"https:\/\/comlandes.fr\/fr_fr\/","logo":{"@type":"ImageObject","inLanguage":"fr-FR","@id":"https:\/\/comlandes.fr\/fr_fr\/#\/schema\/logo\/image\/","url":"https:\/\/comlandes.fr\/wp-content\/uploads\/2024\/04\/logo-comlandes.png","contentUrl":"https:\/\/comlandes.fr\/wp-content\/uploads\/2024\/04\/logo-comlandes.png","width":512,"height":343,"caption":"Com'Landes"},"image":{"@id":"https:\/\/comlandes.fr\/fr_fr\/#\/schema\/logo\/image\/"},"sameAs":["https:\/\/web.facebook.com\/ComLandes?_rdc=1&_rdr","https:\/\/www.instagram.com\/comlandesasso\/","https:\/\/www.tiktok.com\/@com.landes?_t=8lW4JFzISlK&_r=1"]}]}},"_links":{"self":[{"href":"https:\/\/comlandes.fr\/fr_fr\/wp-json\/wp\/v2\/product\/7075","targetHints":{"allow":["GET"]}}],"collection":[{"href":"https:\/\/comlandes.fr\/fr_fr\/wp-json\/wp\/v2\/product"}],"about":[{"href":"https:\/\/comlandes.fr\/fr_fr\/wp-json\/wp\/v2\/types\/product"}],"wp:featuredmedia":[{"embeddable":true,"href":"https:\/\/comlandes.fr\/fr_fr\/wp-json\/wp\/v2\/media\/7320"}],"wp:attachment":[{"href":"https:\/\/comlandes.fr\/fr_fr\/wp-json\/wp\/v2\/media?parent=7075"}],"wp:term":[{"taxonomy":"product_brand","embeddable":true,"href":"https:\/\/comlandes.fr\/fr_fr\/wp-json\/wp\/v2\/product_brand?post=7075"},{"taxonomy":"product_cat","embeddable":true,"href":"https:\/\/comlandes.fr\/fr_fr\/wp-json\/wp\/v2\/product_cat?post=7075"},{"taxonomy":"product_tag","embeddable":true,"href":"https:\/\/comlandes.fr\/fr_fr\/wp-json\/wp\/v2\/product_tag?post=7075"}],"curies":[{"name":"wp","href":"https:\/\/api.w.org\/{rel}","templated":true}]}}